{"id":98,"date":"2019-02-27T08:44:59","date_gmt":"2019-02-27T08:44:59","guid":{"rendered":"http:\/\/www.kath-kindergarten-st-laurentius.de\/?page_id=98"},"modified":"2026-01-12T09:33:59","modified_gmt":"2026-01-12T09:33:59","slug":"leitbild","status":"publish","type":"page","link":"https:\/\/www.kath-kindergarten-st-laurentius.de\/?page_id=98","title":{"rendered":"Leitbild"},"content":{"rendered":"<h1 style=\"text-align: center;\"><span style=\"font-family: arial, helvetica, sans-serif; color: #ff99cc;\">Unser Leitbild: \u00a0Jedes Kind &#8211; jede Familie &#8211; jeder Weg &#8211; Gemeinsam.<\/span><\/h1>\n<p style=\"text-align: left;\"><span style=\"font-family: arial, helvetica, sans-serif; font-size: 14pt;\">In unserem Integrationskindergarten sehen wir jedes Kind mit seinen individuellen St\u00e4rken, Ressourcen und Bed\u00fcrfnissen. Vielfalt ist f\u00fcr uns selbstverst\u00e4ndlich und bereichert unser t\u00e4gliches Miteinander. Wir schaffen einen Raum, in dem alle Kinder \u2013 unabh\u00e4ngig von ihren individuellen Voraussetzungen oder Bed\u00fcrfnissen \u2013 gleicherma\u00dfen willkommen sind, teilhaben k\u00f6nnen und sich sicher f\u00fchlen d\u00fcrfen.<\/span><\/p>\n<p>&nbsp;<\/p>\n<p style=\"text-align: left;\"><span style=\"font-family: arial, helvetica, sans-serif; font-size: 14pt;\">Mit einer ressourcenorientierten und wertsch\u00e4tzenden Haltung begleiten wir jedes Kind dabei, seine F\u00e4higkeiten zu entdecken, zu entfalten und zu st\u00e4rken. Wir unterst\u00fctzen die Kinder behutsam darin, Selbstvertrauen zu entwickeln, eigene Wege zu gehen und aus ihren M\u00f6glichkeiten heraus zu wachsen.<\/span><\/p>\n<p>&nbsp;<\/p>\n<p style=\"text-align: left;\"><span style=\"font-family: arial, helvetica, sans-serif; font-size: 14pt;\">Wir verstehen Vielfalt als wertvolle Bereicherung und als Grundlage unseres t\u00e4glichen Miteinanders. Jedes Kind ist einzigartig \u2013 mit individuellen St\u00e4rken, Interessen, Lebensgeschichten und Entwicklungsschritten. Diese Einzigartigkeit sehen wir, achten wir und f\u00f6rdern wir mit einem liebevollen, offenen und professionellen Blick. Wir schaffen einen sicheren Ort, an dem Kinder sich geborgen f\u00fchlen, Neues entdecken, Fragen stellen und eigene Ideen entfalten k\u00f6nnen. Wir begleiten sie in ihrem Tempo, st\u00e4rken ihr Selbstbewusstsein und unterst\u00fctzen sie dabei, ihre Pers\u00f6nlichkeit zu entwickeln.<\/span><\/p>\n<p>&nbsp;<\/p>\n<p style=\"text-align: left;\"><span style=\"font-family: arial, helvetica, sans-serif; font-size: 14pt;\">Eltern sind f\u00fcr uns wichtige Partner und Experten ihrer Kinder. Eine vertrauensvolle und offene Erziehungspartnerschaft bildet die Grundlage f\u00fcr unsere Zusammenarbeit. Durch regelm\u00e4\u00dfigen Austausch m\u00f6chten wir Eltern einbeziehen, unterst\u00fctzen und begleiten \u2013 immer mit dem Ziel, die bestm\u00f6gliche Entwicklung f\u00fcr jedes Kind zu erm\u00f6glichen.<\/span><\/p>\n","protected":false},"excerpt":{"rendered":"<p>Unser Leitbild: \u00a0Jedes Kind &#8211; jede Familie &#8211; jeder Weg &#8211; Gemeinsam. In unserem Integrationskindergarten sehen wir jedes Kind mit seinen individuellen St\u00e4rken, Ressourcen und Bed\u00fcrfnissen. Vielfalt ist f\u00fcr uns selbstverst\u00e4ndlich und bereichert unser t\u00e4gliches Miteinander. Wir schaffen einen Raum, in dem alle Kinder \u2013 unabh\u00e4ngig von ihren individuellen Voraussetzungen oder Bed\u00fcrfnissen \u2013 gleicherma\u00dfen willkommen [&hellip;]<\/p>\n","protected":false},"author":1,"featured_media":0,"parent":2,"menu_order":1,"comment_status":"closed","ping_status":"closed","template":"","meta":{"footnotes":""},"class_list":["post-98","page","type-page","status-publish","hentry"],"_links":{"self":[{"href":"https:\/\/www.kath-kindergarten-st-laurentius.de\/index.php?rest_route=\/wp\/v2\/pages\/98","targetHints":{"allow":["GET"]}}],"collection":[{"href":"https:\/\/www.kath-kindergarten-st-laurentius.de\/index.php?rest_route=\/wp\/v2\/pages"}],"about":[{"href":"https:\/\/www.kath-kindergarten-st-laurentius.de\/index.php?rest_route=\/wp\/v2\/types\/page"}],"author":[{"embeddable":true,"href":"https:\/\/www.kath-kindergarten-st-laurentius.de\/index.php?rest_route=\/wp\/v2\/users\/1"}],"replies":[{"embeddable":true,"href":"https:\/\/www.kath-kindergarten-st-laurentius.de\/index.php?rest_route=%2Fwp%2Fv2%2Fcomments&post=98"}],"version-history":[{"count":13,"href":"https:\/\/www.kath-kindergarten-st-laurentius.de\/index.php?rest_route=\/wp\/v2\/pages\/98\/revisions"}],"predecessor-version":[{"id":1141,"href":"https:\/\/www.kath-kindergarten-st-laurentius.de\/index.php?rest_route=\/wp\/v2\/pages\/98\/revisions\/1141"}],"up":[{"embeddable":true,"href":"https:\/\/www.kath-kindergarten-st-laurentius.de\/index.php?rest_route=\/wp\/v2\/pages\/2"}],"wp:attachment":[{"href":"https:\/\/www.kath-kindergarten-st-laurentius.de\/index.php?rest_route=%2Fwp%2Fv2%2Fmedia&parent=98"}],"curies":[{"name":"wp","href":"https:\/\/api.w.org\/{rel}","templated":true}]}}