{"id":789,"date":"2023-02-23T13:36:50","date_gmt":"2023-02-23T13:36:50","guid":{"rendered":"http:\/\/www.kath-kindergarten-st-laurentius.de\/?page_id=789"},"modified":"2023-09-14T13:06:33","modified_gmt":"2023-09-14T13:06:33","slug":"haeufig-gestellte-fragen","status":"publish","type":"page","link":"https:\/\/www.kath-kindergarten-st-laurentius.de\/?page_id=789","title":{"rendered":"H\u00e4ufig gestellte Fragen"},"content":{"rendered":"<p style=\"text-align: center;\"><span style=\"font-family: arial, helvetica, sans-serif;\"><strong><span style=\"font-size: 14pt;\"><span style=\"color: #ff99cc;\">Allgemein:<\/span> <\/span><\/strong><\/span><\/p>\n<p><span style=\"font-family: arial, helvetica, sans-serif;\"><strong>Bekommt mein Kind einen Platz, wenn wir au\u00dferhalb von Miesbach wohnen?\u00a0<\/strong><\/span><\/p>\n<p><span style=\"font-family: arial, helvetica, sans-serif;\">Vorrangig nehmen wir Kinder direkt aus Parsberg und Umgebung auf sowie Kinder der Stadt Miesbach. Bei freien Pl\u00e4tzen besteht die M\u00f6glichkeit, dass Kinder aus benachbarten Landkreisen aufgenommen werden.<\/span><\/p>\n<p><span style=\"font-family: arial, helvetica, sans-serif;\"><strong>Muss mein Kind katholisch sein, um einen Platz zu bekommen ?\u00a0<\/strong><\/span><\/p>\n<p><span style=\"font-family: arial, helvetica, sans-serif;\">Nein &#8211; wir betreuen alle Konfessionen in unserer Einrichtung.<\/span><\/p>\n<p><span style=\"font-family: arial, helvetica, sans-serif;\"><strong>Darf mein Kind Spielzeug mitbringen?\u00a0<\/strong><\/span><\/p>\n<p><span style=\"font-family: arial, helvetica, sans-serif;\">Es findet ca. einmal monatlich ein Spielzeugtag statt. An diesem Tag d\u00fcrfen die Kinder ein Spielzeug von Zuhause mitbringen. Wir bitten Sie an den anderen Tagen darauf zu verzichten. \u00a0Ausnahmen bilden Stofftiere w\u00e4hrend der Eingew\u00f6hnugszeit.<\/span><\/p>\n<p><span style=\"font-family: arial, helvetica, sans-serif;\"><strong>Wie sollte die Brotzeit meines Kindes aussehen?\u00a0<\/strong><\/span><\/p>\n<p><span style=\"font-family: arial, helvetica, sans-serif;\">Bitte achten Sie bei der Brotzeit Ihres Kindes auf eine ausgewogene und gesunde Ern\u00e4hrung. Obst und Gem\u00fcse vom Biogut Wallenburg werden t\u00e4glich angeboten. Bitte geben Sie keine verpackten Lebensmittel (Joghurt, M\u00fcsliriegel, Milchschnitte etc.) mit, da wir auf M\u00fcllvermeidung acht geben.<\/span><\/p>\n<p>&nbsp;<\/p>\n<p><span style=\"font-size: 14pt; font-family: arial, helvetica, sans-serif;\"><strong>Kleinkindgruppe:\u00a0<\/strong><\/span><\/p>\n<p><span style=\"font-family: arial, helvetica, sans-serif;\"><strong>Wie lange dauert die Eingew\u00f6hnung meines Kindes?\u00a0<\/strong><\/span><\/p>\n<p><span style=\"font-family: arial, helvetica, sans-serif;\">Die Eingew\u00f6hnung betr\u00e4gt ungef\u00e4hr zwei bis vier Wochen. Wir nehmen uns individuell die Zeit die Ihr Kind ben\u00f6tigt.<\/span><\/p>\n<p><span style=\"font-family: arial, helvetica, sans-serif;\"><strong>Gibt es eine Schlafm\u00f6glichkeit?\u00a0<\/strong><\/span><\/p>\n<p><span style=\"font-family: arial, helvetica, sans-serif;\">Leider haben wir in unserer Kleinkindgruppe keinen Schlafraum.<\/span><\/p>\n<p><span style=\"font-family: arial, helvetica, sans-serif;\"><strong>Kann mein Kind am Mittagessen teilnehmen?\u00a0<\/strong><\/span><\/p>\n<p><span style=\"font-family: arial, helvetica, sans-serif;\">Ab einem Alter von zweieinhalb Jahren kann Ihr Kind die Einrichtung l\u00e4nger als bis 13.00 Uhr besuchen und somit am \u00a0Mittagessen teilnehmen.<\/span><\/p>\n<p><span style=\"font-family: arial, helvetica, sans-serif;\"><strong>Wie viele Kinder betreut? In welchem Alter?\u00a0<\/strong><\/span><\/p>\n<p><span style=\"font-family: arial, helvetica, sans-serif;\">In unserer Kleinkindgruppe werden 12 Kinder im Alter von eineinhalb bis drei Jahren betreut.<\/span><\/p>\n<p><span style=\"font-family: arial, helvetica, sans-serif;\"><strong>Wie ist der Tagesablauf in der Kleinkindgruppe?\u00a0<\/strong><\/span><\/p>\n<p><span style=\"font-family: arial, helvetica, sans-serif;\">7:15 &#8211; 8:30 Uhr Zeit zum Ankommen<\/span><\/p>\n<p><span style=\"font-family: arial, helvetica, sans-serif;\">8:30 &#8211; 9:30 Uhr Freispiel<\/span><\/p>\n<p><span style=\"font-family: arial, helvetica, sans-serif;\">9:30 Uhr Morgenkreis und anschlie\u00dfend gemeinsame Brotzeit<\/span><\/p>\n<p><span style=\"font-family: arial, helvetica, sans-serif;\">10:15 Uhr Freispiel und Kreativzeit<\/span><\/p>\n<p><span style=\"font-family: arial, helvetica, sans-serif;\">11:30 Uhr Aufr\u00e4umen und gemeinsamer Mittagskreis<\/span><\/p>\n<p><span style=\"font-family: arial, helvetica, sans-serif;\">12:00 Uhr Spiel und Spa\u00df im Garten &#8211; Abholzeit<\/span><\/p>\n<p>&nbsp;<\/p>\n<p><span style=\"font-family: arial, helvetica, sans-serif;\"><strong><span style=\"font-size: 14pt;\">Kindergarten:\u00a0<\/span><\/strong><\/span><\/p>\n<p><span style=\"font-family: arial, helvetica, sans-serif;\"><strong>Muss mein Kinder sauber sein um in den Kindergarten zu gehen?\u00a0<\/strong><\/span><\/p>\n<p><span style=\"font-family: arial, helvetica, sans-serif;\">Nein &#8211; das ist keine Voraussetzung f\u00fcr den Besuch im Kindergarten. Wir haben die M\u00f6glichkeit zu wickeln.<\/span><\/p>\n<p><span style=\"font-family: arial, helvetica, sans-serif;\"><strong>Kommen Geschwisterkinder zusammen in die Gruppe?\u00a0<\/strong><\/span><\/p>\n<p><span style=\"font-family: arial, helvetica, sans-serif;\">Aus p\u00e4dagogischer Sicht zur individuellen Entfaltung eines jeden Kindes ist es meist sinnvoller Geschwister in verschiedenen Gruppen zu betreuen.<\/span><\/p>\n<p><span style=\"font-family: arial, helvetica, sans-serif;\"><strong>Mein Kind war krank, wann darf es den Kindergarten wieder besuchen? <\/strong><\/span><\/p>\n<p><span style=\"font-family: arial, helvetica, sans-serif;\">Kranke Kinder haben das Recht auf Erholung. Bitte vergessen Sie nicht, dass ein Tag im Kindergarten anstrengend ist f\u00fcr Ihr Kind. Es gilt die Regel, dass Kinder 24 Stunden symptomfrei sein m\u00fcssen um die Einrichtung wieder besuchen zu k\u00f6nnen.<\/span><\/p>\n<p>&nbsp;<\/p>\n<p><span style=\"font-family: arial, helvetica, sans-serif;\"><strong><span style=\"font-size: 14pt;\">Waldgruppe:<\/span><\/strong><\/span><\/p>\n<p><span style=\"font-family: arial, helvetica, sans-serif;\"><strong>Sind die Kinder bei jedem Wetter drau\u00dfen?\u00a0<\/strong><\/span><\/p>\n<p><span style=\"font-family: arial, helvetica, sans-serif;\">Grunds\u00e4tzlich sind wir bei jedem Wetter drau\u00dfen. Bei Unwetter oder Windwarnung bei \u00fcber 45km\/h Windst\u00e4rke halten wir uns im Bauwagen auf.<\/span><\/p>\n<p><span style=\"font-family: arial, helvetica, sans-serif;\"><strong>Findet im Wald auch Vorschule statt?\u00a0<\/strong><\/span><\/p>\n<p><span style=\"font-family: arial, helvetica, sans-serif;\">Ja &#8211; im Wald finden die gleichen Vorschulangebote wie im Haus statt. Auch bei gruppen\u00fcbergreifenden Vorschulangeboten sind wir mit dabei.<\/span><\/p>\n","protected":false},"excerpt":{"rendered":"<p>Allgemein: Bekommt mein Kind einen Platz, wenn wir au\u00dferhalb von Miesbach wohnen?\u00a0 Vorrangig nehmen wir Kinder direkt aus Parsberg und Umgebung auf sowie Kinder der Stadt Miesbach. Bei freien Pl\u00e4tzen besteht die M\u00f6glichkeit, dass Kinder aus benachbarten Landkreisen aufgenommen werden. Muss mein Kind katholisch sein, um einen Platz zu bekommen ?\u00a0 Nein &#8211; wir betreuen [&hellip;]<\/p>\n","protected":false},"author":1,"featured_media":0,"parent":54,"menu_order":5,"comment_status":"closed","ping_status":"closed","template":"","meta":{"footnotes":""},"class_list":["post-789","page","type-page","status-publish","hentry"],"_links":{"self":[{"href":"https:\/\/www.kath-kindergarten-st-laurentius.de\/index.php?rest_route=\/wp\/v2\/pages\/789","targetHints":{"allow":["GET"]}}],"collection":[{"href":"https:\/\/www.kath-kindergarten-st-laurentius.de\/index.php?rest_route=\/wp\/v2\/pages"}],"about":[{"href":"https:\/\/www.kath-kindergarten-st-laurentius.de\/index.php?rest_route=\/wp\/v2\/types\/page"}],"author":[{"embeddable":true,"href":"https:\/\/www.kath-kindergarten-st-laurentius.de\/index.php?rest_route=\/wp\/v2\/users\/1"}],"replies":[{"embeddable":true,"href":"https:\/\/www.kath-kindergarten-st-laurentius.de\/index.php?rest_route=%2Fwp%2Fv2%2Fcomments&post=789"}],"version-history":[{"count":5,"href":"https:\/\/www.kath-kindergarten-st-laurentius.de\/index.php?rest_route=\/wp\/v2\/pages\/789\/revisions"}],"predecessor-version":[{"id":899,"href":"https:\/\/www.kath-kindergarten-st-laurentius.de\/index.php?rest_route=\/wp\/v2\/pages\/789\/revisions\/899"}],"up":[{"embeddable":true,"href":"https:\/\/www.kath-kindergarten-st-laurentius.de\/index.php?rest_route=\/wp\/v2\/pages\/54"}],"wp:attachment":[{"href":"https:\/\/www.kath-kindergarten-st-laurentius.de\/index.php?rest_route=%2Fwp%2Fv2%2Fmedia&parent=789"}],"curies":[{"name":"wp","href":"https:\/\/api.w.org\/{rel}","templated":true}]}}