{"id":57,"date":"2018-07-11T13:49:30","date_gmt":"2018-07-11T13:49:30","guid":{"rendered":"http:\/\/www.kath-kindergarten-st-laurentius.de\/?page_id=57"},"modified":"2026-01-12T10:50:46","modified_gmt":"2026-01-12T10:50:46","slug":"mitwirkung-der-eltern","status":"publish","type":"page","link":"https:\/\/www.kath-kindergarten-st-laurentius.de\/?page_id=57","title":{"rendered":"Mitwirkung der Eltern"},"content":{"rendered":"<p><span style=\"color: #ff99cc; font-family: arial, helvetica, sans-serif; font-size: 14pt;\"><strong>Erziehungspartnerschaft<\/strong><\/span><\/p>\n<p><span style=\"font-family: arial, helvetica, sans-serif; font-size: 12pt;\">Es ist uns ein Anliegen, einen guten und vertrauensvollen Kontakt zu pflegen, um zusammen mit den Eltern das Kind in seiner ganzen Entwicklung zu unterst\u00fctzen.<\/span><\/p>\n<p><span style=\"font-family: arial, helvetica, sans-serif; font-size: 12pt;\">Der h\u00e4ufigste Kontakt findet bei T\u00fcr- und Angelgespr\u00e4chen statt. F\u00fcr intensive Gespr\u00e4che besteht jederzeit oder einmal j\u00e4hrlich die M\u00f6glichkeit eines Entwicklungsgespr\u00e4chs nach Vereinbarung.<\/span><\/p>\n<p><span style=\"font-size: 12pt; font-family: arial, helvetica, sans-serif;\">Unsere Eltern sind herzlich eingeladen sich aktiv am Kindergartenleben zu beteiligen.<\/span><\/p>\n<p><span style=\"font-size: 12pt; font-family: arial, helvetica, sans-serif;\">Es gibt die M\u00f6glichkeit sich bei Elternbeirat oder Kindergartenverein zu engagieren.<\/span><\/p>\n<p><span style=\"font-size: 12pt; font-family: arial, helvetica, sans-serif;\">\u00a0Haben Sie ein besonderes Hobby, einen interessanten Beruf oder w\u00fcrden Sie<\/span><\/p>\n<p><span style=\"font-size: 12pt; font-family: arial, helvetica, sans-serif;\"> einfach mal gerne zum Vorlesen vorbei kommen?<\/span><\/p>\n<p><span style=\"font-size: 12pt; font-family: arial, helvetica, sans-serif;\"> Wir w\u00fcrden uns sehr dar\u00fcber freuen, wenn Sie den Kindern einen<\/span><\/p>\n<p><span style=\"font-size: 12pt; font-family: arial, helvetica, sans-serif;\">Einblick in verschiedene Themen geben k\u00f6nnen.<\/span><\/p>\n","protected":false},"excerpt":{"rendered":"<p>Erziehungspartnerschaft Es ist uns ein Anliegen, einen guten und vertrauensvollen Kontakt zu pflegen, um zusammen mit den Eltern das Kind in seiner ganzen Entwicklung zu unterst\u00fctzen. Der h\u00e4ufigste Kontakt findet bei T\u00fcr- und Angelgespr\u00e4chen statt. F\u00fcr intensive Gespr\u00e4che besteht jederzeit oder einmal j\u00e4hrlich die M\u00f6glichkeit eines Entwicklungsgespr\u00e4chs nach Vereinbarung. Unsere Eltern sind herzlich eingeladen sich [&hellip;]<\/p>\n","protected":false},"author":1,"featured_media":0,"parent":0,"menu_order":3,"comment_status":"closed","ping_status":"closed","template":"","meta":{"footnotes":""},"class_list":["post-57","page","type-page","status-publish","hentry"],"_links":{"self":[{"href":"https:\/\/www.kath-kindergarten-st-laurentius.de\/index.php?rest_route=\/wp\/v2\/pages\/57","targetHints":{"allow":["GET"]}}],"collection":[{"href":"https:\/\/www.kath-kindergarten-st-laurentius.de\/index.php?rest_route=\/wp\/v2\/pages"}],"about":[{"href":"https:\/\/www.kath-kindergarten-st-laurentius.de\/index.php?rest_route=\/wp\/v2\/types\/page"}],"author":[{"embeddable":true,"href":"https:\/\/www.kath-kindergarten-st-laurentius.de\/index.php?rest_route=\/wp\/v2\/users\/1"}],"replies":[{"embeddable":true,"href":"https:\/\/www.kath-kindergarten-st-laurentius.de\/index.php?rest_route=%2Fwp%2Fv2%2Fcomments&post=57"}],"version-history":[{"count":11,"href":"https:\/\/www.kath-kindergarten-st-laurentius.de\/index.php?rest_route=\/wp\/v2\/pages\/57\/revisions"}],"predecessor-version":[{"id":1198,"href":"https:\/\/www.kath-kindergarten-st-laurentius.de\/index.php?rest_route=\/wp\/v2\/pages\/57\/revisions\/1198"}],"wp:attachment":[{"href":"https:\/\/www.kath-kindergarten-st-laurentius.de\/index.php?rest_route=%2Fwp%2Fv2%2Fmedia&parent=57"}],"curies":[{"name":"wp","href":"https:\/\/api.w.org\/{rel}","templated":true}]}}