{"id":54,"date":"2018-07-11T13:48:53","date_gmt":"2018-07-11T13:48:53","guid":{"rendered":"http:\/\/www.kath-kindergarten-st-laurentius.de\/?page_id=54"},"modified":"2023-11-02T14:36:53","modified_gmt":"2023-11-02T14:36:53","slug":"informationen","status":"publish","type":"page","link":"https:\/\/www.kath-kindergarten-st-laurentius.de\/?page_id=54","title":{"rendered":"Informationen"},"content":{"rendered":"<p><strong><span style=\"color: #ff99cc;\"><span style=\"font-size: 18pt;\">Anmeldung<\/span><\/span><\/strong><\/p>\n<p>Einmal j\u00e4hrlich, meistens im Februar oder M\u00e4rz, findet ein &#8222;Tag der offenen T\u00fcr&#8220; statt, bei dieser Gelegenheit kann der Kindergarten besichtigt werden. Auch der Austausch mit den Mitarbeitern ist dabei m\u00f6glich.<\/p>\n<p>Der Termin wird \u00fcber unsere Homepage\/Aktuelles sowie in den lokalen Medien bekannt gegeben.<\/p>\n<p>Sie k\u00f6nnen ihr Kind dann anhand einer Voranmeldung in unserer Einrichtung oder auch in den anderen Einrichtungen im Stadtgebiet Miesbach anmelden.<\/p>\n<p>Nat\u00fcrlich sind wir auch au\u00dferhalb dieser Zeiten jederzeit und gerne f\u00fcr Sie erreichbar. Kontaktieren Sie uns einfach, wenn Sie Interesse an unserem Kindergarten haben.<\/p>\n","protected":false},"excerpt":{"rendered":"<p>Anmeldung Einmal j\u00e4hrlich, meistens im Februar oder M\u00e4rz, findet ein &#8222;Tag der offenen T\u00fcr&#8220; statt, bei dieser Gelegenheit kann der Kindergarten besichtigt werden. Auch der Austausch mit den Mitarbeitern ist dabei m\u00f6glich. Der Termin wird \u00fcber unsere Homepage\/Aktuelles sowie in den lokalen Medien bekannt gegeben. Sie k\u00f6nnen ihr Kind dann anhand einer Voranmeldung in unserer [&hellip;]<\/p>\n","protected":false},"author":1,"featured_media":0,"parent":0,"menu_order":2,"comment_status":"closed","ping_status":"closed","template":"","meta":{"footnotes":""},"class_list":["post-54","page","type-page","status-publish","hentry"],"_links":{"self":[{"href":"https:\/\/www.kath-kindergarten-st-laurentius.de\/index.php?rest_route=\/wp\/v2\/pages\/54","targetHints":{"allow":["GET"]}}],"collection":[{"href":"https:\/\/www.kath-kindergarten-st-laurentius.de\/index.php?rest_route=\/wp\/v2\/pages"}],"about":[{"href":"https:\/\/www.kath-kindergarten-st-laurentius.de\/index.php?rest_route=\/wp\/v2\/types\/page"}],"author":[{"embeddable":true,"href":"https:\/\/www.kath-kindergarten-st-laurentius.de\/index.php?rest_route=\/wp\/v2\/users\/1"}],"replies":[{"embeddable":true,"href":"https:\/\/www.kath-kindergarten-st-laurentius.de\/index.php?rest_route=%2Fwp%2Fv2%2Fcomments&post=54"}],"version-history":[{"count":7,"href":"https:\/\/www.kath-kindergarten-st-laurentius.de\/index.php?rest_route=\/wp\/v2\/pages\/54\/revisions"}],"predecessor-version":[{"id":940,"href":"https:\/\/www.kath-kindergarten-st-laurentius.de\/index.php?rest_route=\/wp\/v2\/pages\/54\/revisions\/940"}],"wp:attachment":[{"href":"https:\/\/www.kath-kindergarten-st-laurentius.de\/index.php?rest_route=%2Fwp%2Fv2%2Fmedia&parent=54"}],"curies":[{"name":"wp","href":"https:\/\/api.w.org\/{rel}","templated":true}]}}