{"id":2,"date":"2016-05-10T03:48:21","date_gmt":"2016-05-10T03:48:21","guid":{"rendered":"http:\/\/www.kath-kindergarten-st-laurentius.de\/?page_id=2"},"modified":"2026-01-19T13:58:40","modified_gmt":"2026-01-19T13:58:40","slug":"sample-page","status":"publish","type":"page","link":"https:\/\/www.kath-kindergarten-st-laurentius.de\/?page_id=2","title":{"rendered":"Startseite"},"content":{"rendered":"<p style=\"text-align: center;\"><span style=\"font-size: 18pt;\"><strong><span style=\"text-decoration: underline; font-family: arial, helvetica, sans-serif; color: #ff99cc;\"><span style=\"color: #ff99cc;\">Herzlich<\/span> Willkommen im Kindergarten Parsberg<\/span><\/strong><\/span><\/p>\r\n<p>&nbsp;<\/p>\r\n<p><img loading=\"lazy\" decoding=\"async\" class=\" wp-image-1150 aligncenter\" style=\"font-family: arial, helvetica, sans-serif; font-size: 18.6667px;\" src=\"http:\/\/www.kath-kindergarten-st-laurentius.de\/wp-content\/uploads\/2026\/01\/Logo-Integration-2025-300x244.png\" alt=\"\" width=\"443\" height=\"360\" srcset=\"https:\/\/www.kath-kindergarten-st-laurentius.de\/wp-content\/uploads\/2026\/01\/Logo-Integration-2025-300x244.png 300w, https:\/\/www.kath-kindergarten-st-laurentius.de\/wp-content\/uploads\/2026\/01\/Logo-Integration-2025-768x624.png 768w, https:\/\/www.kath-kindergarten-st-laurentius.de\/wp-content\/uploads\/2026\/01\/Logo-Integration-2025.png 834w\" sizes=\"auto, (max-width: 443px) 100vw, 443px\" \/><\/p>\r\n<p>&nbsp;<\/p>\r\n<p>&nbsp;<\/p>\r\n<p style=\"text-align: center;\"><span style=\"font-family: arial, helvetica, sans-serif; font-size: 14pt;\">Unser Kindergarten beheimatet insgesamt vier Gruppen, darunter drei Kindergarten- und eine Kleinkindgruppe (unsere Waldgruppe ist derzeit stillgelegt).<\/span><\/p>\r\n<p>&nbsp;<\/p>\r\n<p>&nbsp;<\/p>\r\n<p style=\"text-align: center;\"><span style=\"font-family: arial, helvetica, sans-serif; font-size: 14pt;\">Hier finden Sie viele Informationen \u00fcber uns.<\/span><\/p>\r\n<h1>\u00a0<\/h1>\r\n<h1 class=\"dt__title entry-title\" style=\"text-align: center;\"><span style=\"font-size: 14pt; font-family: arial, helvetica, sans-serif;\">Anmeldungen Kindertageseinrichtungen im Landkreis Miesbach\u00a0<\/span><\/h1>\r\n<div class=\"dt__content entry-content\">\r\n<p style=\"text-align: center;\">\u00a0<\/p>\r\n<p style=\"text-align: center;\"><span style=\"font-size: 14pt; font-family: arial, helvetica, sans-serif;\"><strong>Ab dem 01.03.2025\u00a0<\/strong>ist das landkreisweite Elternportal \u00fcber LITTLE BIRD freigeschaltet. Sie k\u00f6nnen sich ab dann f\u00fcr Ihre Wunsch-Einrichtung landkreisweit anmelden.\u00a0<br \/><strong>Die Anmeldeplattform LITTLE BIRD ist dauerhaft aktiv. <\/strong><\/span><\/p>\r\n<p style=\"text-align: center;\"><span style=\"font-size: 14pt; font-family: arial, helvetica, sans-serif;\"><strong><a href=\"https:\/\/kinderbetreuung-landkreis-miesbach.little-bird.de\/\">https:\/\/kinderbetreuung-landkreis-miesbach.little-bird.de<\/a><\/strong>\u00a0<\/span><\/p>\r\n<p style=\"text-align: center;\">\u00a0<\/p>\r\n<p style=\"text-align: center;\">\u00a0<\/p>\r\n<p style=\"text-align: center;\">\u00a0<\/p>\r\n<p style=\"text-align: center;\">\u00a0<\/p>\r\n<p style=\"text-align: left;\"><span style=\"font-family: arial, helvetica, sans-serif; font-size: 12pt;\"><a href=\"http:\/\/www.kath-kindergarten-st-laurentius.de\/wp-content\/uploads\/2026\/01\/Konzeption-2025.pdf\">Konzeption 2025<\/a><\/span><\/p>\r\n<\/div>\r\n<p><span style=\"font-family: arial, helvetica, sans-serif; font-size: 12pt;\"><a href=\"http:\/\/www.kath-kindergarten-st-laurentius.de\/wp-content\/uploads\/2022\/12\/Schutzkonzept-2.pdf\">Schutzkonzept<\/a><\/span><\/p>\r\n\r\n<p><span style=\"font-family: arial, helvetica, sans-serif; font-size: 12pt;\"><a href=\"https:\/\/www.instagram.com\/kita_verbund_mb?igsh=aXFwdW42a24wbnZz\">Instagram<\/a><\/span><\/p>\r\n","protected":false},"excerpt":{"rendered":"<p>Herzlich Willkommen im Kindergarten Parsberg &nbsp; &nbsp; &nbsp; Unser Kindergarten beheimatet insgesamt vier Gruppen, darunter drei Kindergarten- und eine Kleinkindgruppe (unsere Waldgruppe ist derzeit stillgelegt). &nbsp; &nbsp; Hier finden Sie viele Informationen \u00fcber uns. \u00a0 Anmeldungen Kindertageseinrichtungen im Landkreis Miesbach\u00a0 \u00a0 Ab dem 01.03.2025\u00a0ist das landkreisweite Elternportal \u00fcber LITTLE BIRD freigeschaltet. Sie k\u00f6nnen sich ab [&hellip;]<\/p>\n","protected":false},"author":1,"featured_media":0,"parent":0,"menu_order":0,"comment_status":"closed","ping_status":"closed","template":"","meta":{"footnotes":""},"class_list":["post-2","page","type-page","status-publish","hentry"],"_links":{"self":[{"href":"https:\/\/www.kath-kindergarten-st-laurentius.de\/index.php?rest_route=\/wp\/v2\/pages\/2","targetHints":{"allow":["GET"]}}],"collection":[{"href":"https:\/\/www.kath-kindergarten-st-laurentius.de\/index.php?rest_route=\/wp\/v2\/pages"}],"about":[{"href":"https:\/\/www.kath-kindergarten-st-laurentius.de\/index.php?rest_route=\/wp\/v2\/types\/page"}],"author":[{"embeddable":true,"href":"https:\/\/www.kath-kindergarten-st-laurentius.de\/index.php?rest_route=\/wp\/v2\/users\/1"}],"replies":[{"embeddable":true,"href":"https:\/\/www.kath-kindergarten-st-laurentius.de\/index.php?rest_route=%2Fwp%2Fv2%2Fcomments&post=2"}],"version-history":[{"count":70,"href":"https:\/\/www.kath-kindergarten-st-laurentius.de\/index.php?rest_route=\/wp\/v2\/pages\/2\/revisions"}],"predecessor-version":[{"id":1238,"href":"https:\/\/www.kath-kindergarten-st-laurentius.de\/index.php?rest_route=\/wp\/v2\/pages\/2\/revisions\/1238"}],"wp:attachment":[{"href":"https:\/\/www.kath-kindergarten-st-laurentius.de\/index.php?rest_route=%2Fwp%2Fv2%2Fmedia&parent=2"}],"curies":[{"name":"wp","href":"https:\/\/api.w.org\/{rel}","templated":true}]}}