{"id":124,"date":"2019-02-27T08:57:09","date_gmt":"2019-02-27T08:57:09","guid":{"rendered":"http:\/\/www.kath-kindergarten-st-laurentius.de\/?page_id=124"},"modified":"2026-01-12T10:49:39","modified_gmt":"2026-01-12T10:49:39","slug":"elternbeirat","status":"publish","type":"page","link":"https:\/\/www.kath-kindergarten-st-laurentius.de\/?page_id=124","title":{"rendered":"Elternbeirat"},"content":{"rendered":"\r\n<h2 style=\"text-align: left;\"><span style=\"font-family: arial, helvetica, sans-serif; color: #ff99cc; font-size: 14pt;\">Elternbeirat<\/span><\/h2>\r\n<p><span style=\"color: #000000; font-family: arial, helvetica, sans-serif;\">Eine unverzichtbare Institution ist der Elternbeirat des Kindergartens<\/span><\/p>\r\n<p><span style=\"font-family: arial, helvetica, sans-serif;\">Dieser wird einmal j\u00e4hrlich, zu Beginn des Kindergartenjahres, aus der Elternschaft gew\u00e4hlt.<\/span><\/p>\r\n<p>&nbsp;<\/p>\r\n<p><span style=\"font-family: arial, helvetica, sans-serif;\">Aufgabe des Elternbeirats ist es, Bindeglied zwischen Eltern, Mitarbeiter-Innen und Tr\u00e4ger zu sein. Sie unterst\u00fctzen das Team des Kindergartens bei der Gestaltung von Festen oder Aktionen. Im Besonderen werden die Aufgaben im Bayer. Kindergartengesetz definiert und erl\u00e4utert.<\/span><\/p>\r\n<p>&nbsp;<\/p>\r\n<p>&nbsp;<\/p>\r\n","protected":false},"excerpt":{"rendered":"<p>Elternbeirat Eine unverzichtbare Institution ist der Elternbeirat des Kindergartens Dieser wird einmal j\u00e4hrlich, zu Beginn des Kindergartenjahres, aus der Elternschaft gew\u00e4hlt. &nbsp; Aufgabe des Elternbeirats ist es, Bindeglied zwischen Eltern, Mitarbeiter-Innen und Tr\u00e4ger zu sein. Sie unterst\u00fctzen das Team des Kindergartens bei der Gestaltung von Festen oder Aktionen. Im Besonderen werden die Aufgaben im Bayer. [&hellip;]<\/p>\n","protected":false},"author":1,"featured_media":0,"parent":57,"menu_order":1,"comment_status":"closed","ping_status":"closed","template":"","meta":{"footnotes":""},"class_list":["post-124","page","type-page","status-publish","hentry"],"_links":{"self":[{"href":"https:\/\/www.kath-kindergarten-st-laurentius.de\/index.php?rest_route=\/wp\/v2\/pages\/124","targetHints":{"allow":["GET"]}}],"collection":[{"href":"https:\/\/www.kath-kindergarten-st-laurentius.de\/index.php?rest_route=\/wp\/v2\/pages"}],"about":[{"href":"https:\/\/www.kath-kindergarten-st-laurentius.de\/index.php?rest_route=\/wp\/v2\/types\/page"}],"author":[{"embeddable":true,"href":"https:\/\/www.kath-kindergarten-st-laurentius.de\/index.php?rest_route=\/wp\/v2\/users\/1"}],"replies":[{"embeddable":true,"href":"https:\/\/www.kath-kindergarten-st-laurentius.de\/index.php?rest_route=%2Fwp%2Fv2%2Fcomments&post=124"}],"version-history":[{"count":8,"href":"https:\/\/www.kath-kindergarten-st-laurentius.de\/index.php?rest_route=\/wp\/v2\/pages\/124\/revisions"}],"predecessor-version":[{"id":1202,"href":"https:\/\/www.kath-kindergarten-st-laurentius.de\/index.php?rest_route=\/wp\/v2\/pages\/124\/revisions\/1202"}],"up":[{"embeddable":true,"href":"https:\/\/www.kath-kindergarten-st-laurentius.de\/index.php?rest_route=\/wp\/v2\/pages\/57"}],"wp:attachment":[{"href":"https:\/\/www.kath-kindergarten-st-laurentius.de\/index.php?rest_route=%2Fwp%2Fv2%2Fmedia&parent=124"}],"curies":[{"name":"wp","href":"https:\/\/api.w.org\/{rel}","templated":true}]}}