{"id":120,"date":"2019-02-27T08:55:28","date_gmt":"2019-02-27T08:55:28","guid":{"rendered":"http:\/\/www.kath-kindergarten-st-laurentius.de\/?page_id=120"},"modified":"2023-09-14T12:58:09","modified_gmt":"2023-09-14T12:58:09","slug":"mittagessen","status":"publish","type":"page","link":"https:\/\/www.kath-kindergarten-st-laurentius.de\/?page_id=120","title":{"rendered":"Mittagessen"},"content":{"rendered":"\r\n<h2 style=\"text-align: center;\"><span style=\"color: #ff99cc; font-family: arial, helvetica, sans-serif;\">Mittagessen<\/span><\/h2>\r\n<p><span style=\"font-family: arial, helvetica, sans-serif;\">Von Montag bis Freitag bieten wir ein warmes Mittagessen an.<\/span><\/p>\r\n<p><span style=\"font-family: arial, helvetica, sans-serif;\">Das Angebot gilt f\u00fcr alle Kinder, deren Buchungszeit \u00fcber 13 Uhr hinaus geht. Nat\u00fcrlich gilt das auch f\u00fcr die Kinder der Waldgruppe.<\/span><\/p>\r\n<p><span style=\"font-family: arial, helvetica, sans-serif;\">Das Restaurant Culinaria aus Miesbach liefert das Essen t\u00e4glich frisch zubereitet.<\/span><\/p>\r\n<p><span style=\"font-family: arial, helvetica, sans-serif;\">Um 13 Uhr versammeln sich alle Kinder in der M\u00e4use- und Spatzengruppe um gemeinsam zu essen. Nach einem Tischgebet k\u00f6nnen sich die Kinder die Speisen aus den bereitgestellten Sch\u00fcsseln nehmen. Sie entscheiden dabei selbst\u00e4ndig, was und wieviel sie essen m\u00f6chten. Die Erzieher-innen bieten jedoch trotzdem einen Probierhappen an.<\/span><\/p>\r\n<p><span style=\"font-family: arial, helvetica, sans-serif;\">Neben dem warmen Mittagessen besteht auch die M\u00f6glichkeit seinem Kind eine zweite Brotzeit mitzugeben.\u00a0<\/span><\/p>\r\n<p><span style=\"font-family: arial, helvetica, sans-serif;\">Im Anschluss an das gemeinsame Mittagessen ist f\u00fcr alle Kinder eine Ruhezeit vorgesehen.<\/span><\/p>\r\n<p><span style=\"font-family: arial, helvetica, sans-serif;\">Wir bitten Sie Ihr Kind entweder vor (13.30 Uhr) oder nach (14.00 Uhr) der Ruhezeit abzuholen.<\/span><\/p>\r\n<p>&nbsp;<\/p>\r\n","protected":false},"excerpt":{"rendered":"<p>Mittagessen Von Montag bis Freitag bieten wir ein warmes Mittagessen an. Das Angebot gilt f\u00fcr alle Kinder, deren Buchungszeit \u00fcber 13 Uhr hinaus geht. Nat\u00fcrlich gilt das auch f\u00fcr die Kinder der Waldgruppe. Das Restaurant Culinaria aus Miesbach liefert das Essen t\u00e4glich frisch zubereitet. Um 13 Uhr versammeln sich alle Kinder in der M\u00e4use- und [&hellip;]<\/p>\n","protected":false},"author":1,"featured_media":0,"parent":54,"menu_order":2,"comment_status":"closed","ping_status":"closed","template":"","meta":{"footnotes":""},"class_list":["post-120","page","type-page","status-publish","hentry"],"_links":{"self":[{"href":"https:\/\/www.kath-kindergarten-st-laurentius.de\/index.php?rest_route=\/wp\/v2\/pages\/120","targetHints":{"allow":["GET"]}}],"collection":[{"href":"https:\/\/www.kath-kindergarten-st-laurentius.de\/index.php?rest_route=\/wp\/v2\/pages"}],"about":[{"href":"https:\/\/www.kath-kindergarten-st-laurentius.de\/index.php?rest_route=\/wp\/v2\/types\/page"}],"author":[{"embeddable":true,"href":"https:\/\/www.kath-kindergarten-st-laurentius.de\/index.php?rest_route=\/wp\/v2\/users\/1"}],"replies":[{"embeddable":true,"href":"https:\/\/www.kath-kindergarten-st-laurentius.de\/index.php?rest_route=%2Fwp%2Fv2%2Fcomments&post=120"}],"version-history":[{"count":9,"href":"https:\/\/www.kath-kindergarten-st-laurentius.de\/index.php?rest_route=\/wp\/v2\/pages\/120\/revisions"}],"predecessor-version":[{"id":895,"href":"https:\/\/www.kath-kindergarten-st-laurentius.de\/index.php?rest_route=\/wp\/v2\/pages\/120\/revisions\/895"}],"up":[{"embeddable":true,"href":"https:\/\/www.kath-kindergarten-st-laurentius.de\/index.php?rest_route=\/wp\/v2\/pages\/54"}],"wp:attachment":[{"href":"https:\/\/www.kath-kindergarten-st-laurentius.de\/index.php?rest_route=%2Fwp%2Fv2%2Fmedia&parent=120"}],"curies":[{"name":"wp","href":"https:\/\/api.w.org\/{rel}","templated":true}]}}