{"id":110,"date":"2019-02-27T08:51:41","date_gmt":"2019-02-27T08:51:41","guid":{"rendered":"http:\/\/www.kath-kindergarten-st-laurentius.de\/?page_id=110"},"modified":"2023-09-12T13:26:41","modified_gmt":"2023-09-12T13:26:41","slug":"haus-und-garten","status":"publish","type":"page","link":"https:\/\/www.kath-kindergarten-st-laurentius.de\/?page_id=110","title":{"rendered":"Haus und Garten"},"content":{"rendered":"<p><span style=\"color: #ff99cc; font-family: arial, helvetica, sans-serif;\"><strong><span style=\"font-size: 18pt;\">Ein Rundgang durch unseren Kindergarten<\/span><\/strong><\/span><\/p>\r\n<p><span style=\"font-family: arial, helvetica, sans-serif;\">Unser Haus, das sich im Besitz der Stadt Miesbach befindet, wird vom Trachtenverein und der Freiwilligen Feuerwehr mitgenutzt.<\/span><\/p>\r\n<p><span style=\"font-family: arial, helvetica, sans-serif;\">Deren Vereinsr\u00e4ume befinden sich im Erdgeschoss.<\/span><\/p>\r\n<p><span style=\"font-family: arial, helvetica, sans-serif;\">Gleichfalls im Erdgeschoss befindet sich der Gruppenraum und die Garderobe unserer K\u00e4ferlgruppe (Gruppe der unter Dreij\u00e4hrigen) und eine Garderobe f\u00fcr die Kindergartenkinder.<\/span><\/p>\r\n<p><span style=\"font-family: arial, helvetica, sans-serif;\">Im ersten Stock befinden sich zwei Gruppenr\u00e4ume, ein kleinerer Nebenraum, der ebenso den Kindern zum Spiel zur Verf\u00fcgung steht, sowie eine weitere Garderobe und sanit\u00e4re Anlagen f\u00fcr Kinder und Personal.<\/span><\/p>\r\n<p><span style=\"font-family: arial, helvetica, sans-serif;\">R\u00e4umlichkeiten f\u00fcr die dritte Kindergartengruppe wurden 1995 im Dachgeschoss geschaffen.<\/span><\/p>\r\n<p><span style=\"font-family: arial, helvetica, sans-serif;\">Es entstand ein Gruppenraum, der durch die Dachschr\u00e4gen in Nischen unterteilt ist. Des Weiteren gibt es einen Nebenraum, eine Garderobe und sanit\u00e4re Anlagen f\u00fcr die Kinder und das Personal.<\/span><\/p>\r\n<p><span style=\"font-family: arial, helvetica, sans-serif;\">Ebenfalls im Dachgeschoss befinden sich der Personalraum mit Kochnische sowie das B\u00fcro und ein Materialraum.<\/span><\/p>\r\n<p><span style=\"font-family: arial, helvetica, sans-serif;\">Beim Ausbau des Dachgeschosses wurde die vorgeschriebene Fluchttreppe an der S\u00fcdseite des Hauses angebracht. Sie ist f\u00fcr die Gruppen im ersten und zweiten Stock erreichbar.<\/span><\/p>\r\n<p><span style=\"font-family: arial, helvetica, sans-serif;\">Der kindergarteneigene Spielplatz grenzt unmittelbar an die S\u00fcdseite des Geb\u00e4udes. Er besteht aus zwei Spielbereichen, die durch einen Plattenweg miteinander verbunden sind. Zwei Sandk\u00e4sten, ein kleines Karussell, Gartenb\u00e4nke und Tische, ein Kletterger\u00fcst, eine Wippe, ein Spielh\u00fcgel mit R\u00f6hrentunnel und zwei Rutschbahnen sowie zwei Gartenh\u00e4uschen, die auch Platz f\u00fcr Fahrzeuge und Sandspielsachen bieten, laden zum Spielen im Freien ein.<\/span><\/p>\r\n<p><span style=\"font-family: arial, helvetica, sans-serif;\">Im Kindergartenjahr 2009\/2010 wird der Spielplatz mit Hilfe von Kindergartenverein\u00a0 der Stadt Miesbach sowie Elternbeirat und Eltern renoviert und erneuert.<\/span><\/p>\r\n<p><span style=\"font-family: arial, helvetica, sans-serif;\">Zehn Jahre sp\u00e4ter im Jahr 2020\/2021 wird der Spielplatz komplett saniert. Dies geschieht durch Spenden von Eltern, der Pfarrei und engagierten B\u00fcrgern, einem Zuschuss vom Kindergartenverein, aus Mitteln der Kirchenstiftung und zu einem gro\u00dfen Teil von der Stadt Miesbach. Der Garten besteht weiterhin aus zwei Spielbereichen. In jedem Bereich wurde der Sandkasten vergr\u00f6\u00dfert und mit einem gro\u00dfen Sonnenschirm ausgestattet. Weiterhin befindet sich im Garten f\u00fcr die Kindergartenkinder ein &#8222;kleiner Bauhof&#8220; mit Sandrutsche und eine Wasserlandschaft, die in den Sandkasten flie\u00dft. Neu ist auch die Bobbycar-Strecke und ein Balancierbalken. Im Bereich f\u00fcr die Krippenkinder wurde der Spielh\u00fcgel mit einer Kletterrampe und einer Rutschbahn neu angelegt. Zudem findet sich eine Nestschaukel und ein Weg f\u00fcr Bobbycarrennen.<\/span><\/p>\r\n<p><span style=\"font-family: arial, helvetica, sans-serif;\">Ein \u00f6ffentlicher Spielplatz nebst Bolzplatz, der von der Stadt Miesbach unterhalten wird, ist \u00fcber einen kurzen Weg an der Schule entlang gut erreichbar. Hier k\u00f6nnen die Kinder schaukeln, Rennen und Fu\u00dfballspielen.<\/span><\/p>\r\n<p>&nbsp;<\/p>\r\n\r\n\r\n\r\n<figure class=\"wp-block-image is-style-rounded\"><img loading=\"lazy\" decoding=\"async\" width=\"1024\" height=\"768\" class=\"wp-image-686\" src=\"http:\/\/www.kath-kindergarten-st-laurentius.de\/wp-content\/uploads\/2022\/09\/92AB7320-2701-4DF8-AD25-85A7AE4BF74A-1024x768.jpeg\" alt=\"\" srcset=\"https:\/\/www.kath-kindergarten-st-laurentius.de\/wp-content\/uploads\/2022\/09\/92AB7320-2701-4DF8-AD25-85A7AE4BF74A-1024x768.jpeg 1024w, https:\/\/www.kath-kindergarten-st-laurentius.de\/wp-content\/uploads\/2022\/09\/92AB7320-2701-4DF8-AD25-85A7AE4BF74A-300x225.jpeg 300w, https:\/\/www.kath-kindergarten-st-laurentius.de\/wp-content\/uploads\/2022\/09\/92AB7320-2701-4DF8-AD25-85A7AE4BF74A-768x576.jpeg 768w, https:\/\/www.kath-kindergarten-st-laurentius.de\/wp-content\/uploads\/2022\/09\/92AB7320-2701-4DF8-AD25-85A7AE4BF74A-1536x1152.jpeg 1536w, https:\/\/www.kath-kindergarten-st-laurentius.de\/wp-content\/uploads\/2022\/09\/92AB7320-2701-4DF8-AD25-85A7AE4BF74A-2048x1536.jpeg 2048w\" sizes=\"auto, (max-width: 1024px) 100vw, 1024px\" \/><\/figure>\r\n\r\n\r\n\r\n<figure class=\"wp-block-image size-large is-style-rounded\"><img loading=\"lazy\" decoding=\"async\" width=\"1024\" height=\"768\" class=\"wp-image-688\" src=\"http:\/\/www.kath-kindergarten-st-laurentius.de\/wp-content\/uploads\/2022\/09\/75EBE19B-F3E8-4848-BD03-485238C384E3-1024x768.jpeg\" alt=\"\" srcset=\"https:\/\/www.kath-kindergarten-st-laurentius.de\/wp-content\/uploads\/2022\/09\/75EBE19B-F3E8-4848-BD03-485238C384E3-1024x768.jpeg 1024w, https:\/\/www.kath-kindergarten-st-laurentius.de\/wp-content\/uploads\/2022\/09\/75EBE19B-F3E8-4848-BD03-485238C384E3-300x225.jpeg 300w, https:\/\/www.kath-kindergarten-st-laurentius.de\/wp-content\/uploads\/2022\/09\/75EBE19B-F3E8-4848-BD03-485238C384E3-768x576.jpeg 768w, https:\/\/www.kath-kindergarten-st-laurentius.de\/wp-content\/uploads\/2022\/09\/75EBE19B-F3E8-4848-BD03-485238C384E3-1536x1152.jpeg 1536w, https:\/\/www.kath-kindergarten-st-laurentius.de\/wp-content\/uploads\/2022\/09\/75EBE19B-F3E8-4848-BD03-485238C384E3-2048x1536.jpeg 2048w\" sizes=\"auto, (max-width: 1024px) 100vw, 1024px\" \/><\/figure>\r\n\r\n\r\n\r\n<figure class=\"wp-block-image size-large is-resized is-style-rounded\"><img loading=\"lazy\" decoding=\"async\" class=\"wp-image-689\" src=\"http:\/\/www.kath-kindergarten-st-laurentius.de\/wp-content\/uploads\/2022\/09\/77CC5A4F-A146-45A6-9C5F-8084A790C08B-1024x768.jpeg\" alt=\"\" width=\"844\" height=\"633\" srcset=\"https:\/\/www.kath-kindergarten-st-laurentius.de\/wp-content\/uploads\/2022\/09\/77CC5A4F-A146-45A6-9C5F-8084A790C08B-1024x768.jpeg 1024w, https:\/\/www.kath-kindergarten-st-laurentius.de\/wp-content\/uploads\/2022\/09\/77CC5A4F-A146-45A6-9C5F-8084A790C08B-300x225.jpeg 300w, https:\/\/www.kath-kindergarten-st-laurentius.de\/wp-content\/uploads\/2022\/09\/77CC5A4F-A146-45A6-9C5F-8084A790C08B-768x576.jpeg 768w, https:\/\/www.kath-kindergarten-st-laurentius.de\/wp-content\/uploads\/2022\/09\/77CC5A4F-A146-45A6-9C5F-8084A790C08B-1536x1152.jpeg 1536w, https:\/\/www.kath-kindergarten-st-laurentius.de\/wp-content\/uploads\/2022\/09\/77CC5A4F-A146-45A6-9C5F-8084A790C08B-2048x1536.jpeg 2048w\" sizes=\"auto, (max-width: 844px) 100vw, 844px\" \/><\/figure>\r\n\r\n\r\n\r\n<figure class=\"wp-block-image size-large is-style-rounded\"><img loading=\"lazy\" decoding=\"async\" width=\"1024\" height=\"768\" class=\"wp-image-690\" src=\"http:\/\/www.kath-kindergarten-st-laurentius.de\/wp-content\/uploads\/2022\/09\/685A86F4-357A-4CF8-A830-64FA472702B3-1024x768.jpeg\" alt=\"\" srcset=\"https:\/\/www.kath-kindergarten-st-laurentius.de\/wp-content\/uploads\/2022\/09\/685A86F4-357A-4CF8-A830-64FA472702B3-1024x768.jpeg 1024w, https:\/\/www.kath-kindergarten-st-laurentius.de\/wp-content\/uploads\/2022\/09\/685A86F4-357A-4CF8-A830-64FA472702B3-300x225.jpeg 300w, https:\/\/www.kath-kindergarten-st-laurentius.de\/wp-content\/uploads\/2022\/09\/685A86F4-357A-4CF8-A830-64FA472702B3-768x576.jpeg 768w, https:\/\/www.kath-kindergarten-st-laurentius.de\/wp-content\/uploads\/2022\/09\/685A86F4-357A-4CF8-A830-64FA472702B3-1536x1152.jpeg 1536w, https:\/\/www.kath-kindergarten-st-laurentius.de\/wp-content\/uploads\/2022\/09\/685A86F4-357A-4CF8-A830-64FA472702B3-2048x1536.jpeg 2048w\" sizes=\"auto, (max-width: 1024px) 100vw, 1024px\" \/><\/figure>\r\n\r\n\r\n\r\n\r\n<div class=\"wp-block-image is-style-rounded\">\r\n<figure class=\"alignleft size-large\"><img loading=\"lazy\" decoding=\"async\" width=\"951\" height=\"1024\" class=\"wp-image-691\" src=\"http:\/\/www.kath-kindergarten-st-laurentius.de\/wp-content\/uploads\/2022\/09\/0972ED8A-0059-4EA1-A30C-6EFA0439EBDD-951x1024.jpeg\" alt=\"\" srcset=\"https:\/\/www.kath-kindergarten-st-laurentius.de\/wp-content\/uploads\/2022\/09\/0972ED8A-0059-4EA1-A30C-6EFA0439EBDD-951x1024.jpeg 951w, https:\/\/www.kath-kindergarten-st-laurentius.de\/wp-content\/uploads\/2022\/09\/0972ED8A-0059-4EA1-A30C-6EFA0439EBDD-279x300.jpeg 279w, https:\/\/www.kath-kindergarten-st-laurentius.de\/wp-content\/uploads\/2022\/09\/0972ED8A-0059-4EA1-A30C-6EFA0439EBDD-768x827.jpeg 768w, https:\/\/www.kath-kindergarten-st-laurentius.de\/wp-content\/uploads\/2022\/09\/0972ED8A-0059-4EA1-A30C-6EFA0439EBDD-1427x1536.jpeg 1427w, https:\/\/www.kath-kindergarten-st-laurentius.de\/wp-content\/uploads\/2022\/09\/0972ED8A-0059-4EA1-A30C-6EFA0439EBDD-1903x2048.jpeg 1903w\" sizes=\"auto, (max-width: 951px) 100vw, 951px\" \/><\/figure><\/div>","protected":false},"excerpt":{"rendered":"<p>Ein Rundgang durch unseren Kindergarten Unser Haus, das sich im Besitz der Stadt Miesbach befindet, wird vom Trachtenverein und der Freiwilligen Feuerwehr mitgenutzt. Deren Vereinsr\u00e4ume befinden sich im Erdgeschoss. Gleichfalls im Erdgeschoss befindet sich der Gruppenraum und die Garderobe unserer K\u00e4ferlgruppe (Gruppe der unter Dreij\u00e4hrigen) und eine Garderobe f\u00fcr die Kindergartenkinder. Im ersten Stock befinden [&hellip;]<\/p>\n","protected":false},"author":1,"featured_media":0,"parent":50,"menu_order":2,"comment_status":"closed","ping_status":"closed","template":"","meta":{"footnotes":""},"class_list":["post-110","page","type-page","status-publish","hentry"],"_links":{"self":[{"href":"https:\/\/www.kath-kindergarten-st-laurentius.de\/index.php?rest_route=\/wp\/v2\/pages\/110","targetHints":{"allow":["GET"]}}],"collection":[{"href":"https:\/\/www.kath-kindergarten-st-laurentius.de\/index.php?rest_route=\/wp\/v2\/pages"}],"about":[{"href":"https:\/\/www.kath-kindergarten-st-laurentius.de\/index.php?rest_route=\/wp\/v2\/types\/page"}],"author":[{"embeddable":true,"href":"https:\/\/www.kath-kindergarten-st-laurentius.de\/index.php?rest_route=\/wp\/v2\/users\/1"}],"replies":[{"embeddable":true,"href":"https:\/\/www.kath-kindergarten-st-laurentius.de\/index.php?rest_route=%2Fwp%2Fv2%2Fcomments&post=110"}],"version-history":[{"count":14,"href":"https:\/\/www.kath-kindergarten-st-laurentius.de\/index.php?rest_route=\/wp\/v2\/pages\/110\/revisions"}],"predecessor-version":[{"id":884,"href":"https:\/\/www.kath-kindergarten-st-laurentius.de\/index.php?rest_route=\/wp\/v2\/pages\/110\/revisions\/884"}],"up":[{"embeddable":true,"href":"https:\/\/www.kath-kindergarten-st-laurentius.de\/index.php?rest_route=\/wp\/v2\/pages\/50"}],"wp:attachment":[{"href":"https:\/\/www.kath-kindergarten-st-laurentius.de\/index.php?rest_route=%2Fwp%2Fv2%2Fmedia&parent=110"}],"curies":[{"name":"wp","href":"https:\/\/api.w.org\/{rel}","templated":true}]}}