{"id":108,"date":"2019-02-27T08:50:47","date_gmt":"2019-02-27T08:50:47","guid":{"rendered":"http:\/\/www.kath-kindergarten-st-laurentius.de\/?page_id=108"},"modified":"2023-09-12T13:26:12","modified_gmt":"2023-09-12T13:26:12","slug":"geschichte-und-chronik","status":"publish","type":"page","link":"https:\/\/www.kath-kindergarten-st-laurentius.de\/?page_id=108","title":{"rendered":"Geschichte und Chronik"},"content":{"rendered":"<h1><span style=\"color: #ff99cc; font-family: arial, helvetica, sans-serif;\"> Wie alles anfing und was daraus wurde\u2026<\/span><\/h1>\n<p><span style=\"font-family: arial, helvetica, sans-serif;\">Der Kath. Pfarrkindergarten Parsberg wurde am 20. M\u00e4rz 1972 eingeweiht und seiner Bestimmung \u00fcbergeben.<\/span><\/p>\n<p><span style=\"font-family: arial, helvetica, sans-serif;\">Vorausgegangen war der Wunsch vieler Eltern aus der kinderreichen Siedlung Bergham, auch in Parsberg einen Kindergarten zu gr\u00fcnden. Am 30. September 1971 wurde unter Leitung von Dr. Gerhard Maier und Pfarrer P. Helmut R\u00f6\u00dfler der Kindergartenverein gegr\u00fcndet. Nach Verhandlungen mit der politischen Gemeinde, dem erzbisch\u00f6flichen Ordinariat und der Pfarrgemeinde wurde eine L\u00f6sung gefunden:<\/span><\/p>\n<p><span style=\"font-family: arial, helvetica, sans-serif;\">Die (damalige) politische Gemeinde Parsberg erkl\u00e4rte sich bereit, im alten Schulhaus die R\u00e4ume zur Verf\u00fcgung zu stellen, die Kosten f\u00fcr Licht, Heizung und Reinigung zu \u00fcbernehmen, und f\u00fcr den Unterhalt der Bausubstanz Sorge zu tragen.<\/span><\/p>\n<p><span style=\"font-family: arial, helvetica, sans-serif;\">Der Caritasverband der Erzdi\u00f6zese M\u00fcnchen und Freising bezuschusste Mobiliar und Spielmaterial, stellte \u00dcberbr\u00fcckungsgelder bereit und \u00fcbernahm auch in den Folgejahren das Haushaltsdefizit.<\/span><\/p>\n<p><span style=\"font-family: arial, helvetica, sans-serif;\">Die Pfarrkirchenstiftung \u00fcbernahm die Tr\u00e4gerschaft, und der Kindergartenverein sicherte seine Mithilfe und Unterst\u00fctzung zu.<\/span><\/p>\n<p><span style=\"font-family: arial, helvetica, sans-serif;\">Am 15. September 1984 konnte auf Grund der steigenden Nachfrage an Betreuungspl\u00e4tzen eine zweite Gruppe er\u00f6ffnet werden.<\/span><\/p>\n<p><span style=\"font-family: arial, helvetica, sans-serif;\">In den folgenden Jahren zeigte sich, dass auch diese beiden Kindergartengruppen nicht reichen w\u00fcrden. Als vor\u00fcbergehende L\u00f6sung konnte 1994 eine dritte Gruppe im Nachbardorf Niklasreuth\u00a0 bezogen werden. Als dann der Sportverein ein eigenes Vereinsheim bezog, wurde das \u201ealte Schulhaus\u201c aufw\u00e4ndig saniert und; und im September 1995 konnte die dritte Gruppe das kindgerecht ausgebaute Dachgeschoss beziehen.<\/span><\/p>\n<p><span style=\"font-family: arial, helvetica, sans-serif;\">Die staatl. Anerkennung als dreigruppiger Ganztagskindergarten erfolgte am 18. August 1996.<\/span><\/p>\n<p><span style=\"font-family: arial, helvetica, sans-serif;\">Mit der steigenden Nachfrage an Betreuungspl\u00e4tzen f\u00fcr unter dreij\u00e4hrige Kinder wurde eine Umstrukturierung notwendig.<\/span><\/p>\n<p><span style=\"font-family: arial, helvetica, sans-serif;\">Im Februar 2008 erhielt der Kindergarten die Betriebserlaubnis f\u00fcr eine integrierte Kleinkindergruppe.<\/span><\/p>\n<p><span style=\"font-family: arial, helvetica, sans-serif;\">Seit September 2019 gibt es bei uns auch eine Waldgruppe, die einen festen Bauwagen am Waldrand in der N\u00e4he des Kindergartens nutzt.<\/span><\/p>\n","protected":false},"excerpt":{"rendered":"<p>Wie alles anfing und was daraus wurde\u2026 Der Kath. Pfarrkindergarten Parsberg wurde am 20. M\u00e4rz 1972 eingeweiht und seiner Bestimmung \u00fcbergeben. Vorausgegangen war der Wunsch vieler Eltern aus der kinderreichen Siedlung Bergham, auch in Parsberg einen Kindergarten zu gr\u00fcnden. Am 30. September 1971 wurde unter Leitung von Dr. Gerhard Maier und Pfarrer P. Helmut R\u00f6\u00dfler [&hellip;]<\/p>\n","protected":false},"author":1,"featured_media":0,"parent":50,"menu_order":1,"comment_status":"closed","ping_status":"closed","template":"","meta":{"footnotes":""},"class_list":["post-108","page","type-page","status-publish","hentry"],"_links":{"self":[{"href":"https:\/\/www.kath-kindergarten-st-laurentius.de\/index.php?rest_route=\/wp\/v2\/pages\/108","targetHints":{"allow":["GET"]}}],"collection":[{"href":"https:\/\/www.kath-kindergarten-st-laurentius.de\/index.php?rest_route=\/wp\/v2\/pages"}],"about":[{"href":"https:\/\/www.kath-kindergarten-st-laurentius.de\/index.php?rest_route=\/wp\/v2\/types\/page"}],"author":[{"embeddable":true,"href":"https:\/\/www.kath-kindergarten-st-laurentius.de\/index.php?rest_route=\/wp\/v2\/users\/1"}],"replies":[{"embeddable":true,"href":"https:\/\/www.kath-kindergarten-st-laurentius.de\/index.php?rest_route=%2Fwp%2Fv2%2Fcomments&post=108"}],"version-history":[{"count":7,"href":"https:\/\/www.kath-kindergarten-st-laurentius.de\/index.php?rest_route=\/wp\/v2\/pages\/108\/revisions"}],"predecessor-version":[{"id":878,"href":"https:\/\/www.kath-kindergarten-st-laurentius.de\/index.php?rest_route=\/wp\/v2\/pages\/108\/revisions\/878"}],"up":[{"embeddable":true,"href":"https:\/\/www.kath-kindergarten-st-laurentius.de\/index.php?rest_route=\/wp\/v2\/pages\/50"}],"wp:attachment":[{"href":"https:\/\/www.kath-kindergarten-st-laurentius.de\/index.php?rest_route=%2Fwp%2Fv2%2Fmedia&parent=108"}],"curies":[{"name":"wp","href":"https:\/\/api.w.org\/{rel}","templated":true}]}}