{"id":170,"date":"2019-03-27T13:35:03","date_gmt":"2019-03-27T13:35:03","guid":{"rendered":"http:\/\/www.kath-kindergarten-st-laurentius.de\/?page_id=170"},"modified":"2023-09-14T12:59:37","modified_gmt":"2023-09-14T12:59:37","slug":"vorschule","status":"publish","type":"page","link":"http:\/\/www.kath-kindergarten-st-laurentius.de\/?page_id=170","title":{"rendered":"Vorschule"},"content":{"rendered":"<p style=\"text-align: center;\"><span style=\"font-family: arial, helvetica, sans-serif; color: #ff99cc;\"><strong><span style=\"font-size: 18pt;\">Vorschule<\/span><\/strong><\/span><\/p>\n<p><span style=\"font-family: arial, helvetica, sans-serif;\">Grunds\u00e4tzlich ist die ganzheitliche F\u00f6rderung sowie die St\u00e4rkung der Basiskompetenzen<\/span><\/p>\n<p><span style=\"font-family: arial, helvetica, sans-serif;\">ein wesentlicher Bestandteil der p\u00e4dagogischen Arbeit und Auftrag f\u00fcr die<\/span><\/p>\n<p><span style=\"font-family: arial, helvetica, sans-serif;\">gesamte Kindergartenzeit.<\/span><\/p>\n<p><span style=\"font-family: arial, helvetica, sans-serif;\">Die Vorschulerziehung findet in den Gruppen sowie Gruppen\u00fcbergreifend statt. Wir erarbeiten<\/span><\/p>\n<p><span style=\"font-family: arial, helvetica, sans-serif;\">Vorschulbl\u00e4tter, widmen uns komplexen Themen in Gespr\u00e4chen und Bilderb\u00fcchern, experimentieren<\/span><\/p>\n<p><span style=\"font-family: arial, helvetica, sans-serif;\">und basteln gemeinsam. Au\u00dferdem f\u00fchren wir im Fr\u00fchling ein spezielles Sprachprogramm durch,<\/span><\/p>\n<p><span style=\"font-family: arial, helvetica, sans-serif;\">welches sich \u00fcber 7 Wochen erstreckt. Einmal monatlich treffen sich die schlauen Dinos aller Gruppen,<\/span><\/p>\n<p><span style=\"font-family: arial, helvetica, sans-serif;\">um einen gemeinsamen, mit den Kindern geplanten, ,,Dinotag&#8220; zu verbringen.<\/span><\/p>\n<p><span style=\"font-family: arial, helvetica, sans-serif;\">Dar\u00fcberhinaus unternehmen wir verschiedene Ausfl\u00fcge, besuchen den Seniorennachmittag oder organisieren eine Waldwoche.<\/span><strong><span style=\"font-size: 18pt; color: #339966;\"><img loading=\"lazy\" decoding=\"async\" class=\"aligncenter wp-image-174\" src=\"http:\/\/www.kath-kindergarten-st-laurentius.de\/wp-content\/uploads\/2019\/03\/dino.jpg\" alt=\"\" width=\"215\" height=\"208\" \/><\/span><\/strong><\/p>\n","protected":false},"excerpt":{"rendered":"<p>Vorschule Grunds\u00e4tzlich ist die ganzheitliche F\u00f6rderung sowie die St\u00e4rkung der Basiskompetenzen ein wesentlicher Bestandteil der p\u00e4dagogischen Arbeit und Auftrag f\u00fcr die gesamte Kindergartenzeit. Die Vorschulerziehung findet in den Gruppen sowie Gruppen\u00fcbergreifend statt. Wir erarbeiten Vorschulbl\u00e4tter, widmen uns komplexen Themen in Gespr\u00e4chen und Bilderb\u00fcchern, experimentieren und basteln gemeinsam. Au\u00dferdem f\u00fchren wir im Fr\u00fchling ein spezielles Sprachprogramm [&hellip;]<\/p>\n","protected":false},"author":1,"featured_media":0,"parent":54,"menu_order":4,"comment_status":"closed","ping_status":"closed","template":"","meta":{"footnotes":""},"class_list":["post-170","page","type-page","status-publish","hentry"],"_links":{"self":[{"href":"http:\/\/www.kath-kindergarten-st-laurentius.de\/index.php?rest_route=\/wp\/v2\/pages\/170","targetHints":{"allow":["GET"]}}],"collection":[{"href":"http:\/\/www.kath-kindergarten-st-laurentius.de\/index.php?rest_route=\/wp\/v2\/pages"}],"about":[{"href":"http:\/\/www.kath-kindergarten-st-laurentius.de\/index.php?rest_route=\/wp\/v2\/types\/page"}],"author":[{"embeddable":true,"href":"http:\/\/www.kath-kindergarten-st-laurentius.de\/index.php?rest_route=\/wp\/v2\/users\/1"}],"replies":[{"embeddable":true,"href":"http:\/\/www.kath-kindergarten-st-laurentius.de\/index.php?rest_route=%2Fwp%2Fv2%2Fcomments&post=170"}],"version-history":[{"count":5,"href":"http:\/\/www.kath-kindergarten-st-laurentius.de\/index.php?rest_route=\/wp\/v2\/pages\/170\/revisions"}],"predecessor-version":[{"id":897,"href":"http:\/\/www.kath-kindergarten-st-laurentius.de\/index.php?rest_route=\/wp\/v2\/pages\/170\/revisions\/897"}],"up":[{"embeddable":true,"href":"http:\/\/www.kath-kindergarten-st-laurentius.de\/index.php?rest_route=\/wp\/v2\/pages\/54"}],"wp:attachment":[{"href":"http:\/\/www.kath-kindergarten-st-laurentius.de\/index.php?rest_route=%2Fwp%2Fv2%2Fmedia&parent=170"}],"curies":[{"name":"wp","href":"https:\/\/api.w.org\/{rel}","templated":true}]}}